{"id":642,"date":"2024-11-08T15:13:33","date_gmt":"2024-11-08T15:13:33","guid":{"rendered":"https:\/\/gvl-rive-nord.com\/?page_id=642"},"modified":"2024-11-12T16:14:25","modified_gmt":"2024-11-12T16:14:25","slug":"price-request","status":"publish","type":"page","link":"https:\/\/gvl-rive-nord.com\/en\/demande-de-prix\/","title":{"rendered":"Price request"},"content":{"rendered":"\n<div class=\"wp-block-columns has-white-background-color has-background is-layout-flex wp-container-core-columns-is-layout-cb22f4f6 wp-block-columns-is-layout-flex\" style=\"border-radius:10px;padding-top:3rem;padding-right:3rem;padding-bottom:3rem;padding-left:3rem\">\n<div class=\"wp-block-column is-layout-flow wp-block-column-is-layout-flow\"><div class=\"everest-forms\"><script type='text\/javascript'>\n\/* <![CDATA[ *\/\nvar evf_settings = {\"currency_code\":\"CAD\",\"currency_thousands\":\",\",\"currency_decimal\":\".\",\"currency_symbol\":\"$\",\"currency_symbol_pos\":\"left\"}\n\/* ]]> *\/\n<\/script>\n<div class=\"evf-container layout-two\" id=\"evf-658\"><form id=\"evf-form-658\" class=\"everest-form\" data-formid=\"658\" data-ajax_submission=\"1\" data-keyboard_friendly_form=\"0\" data-form_state_type=\"\" method=\"post\" enctype=\"multipart\/form-data\" action=\"\/en\/wp-json\/wp\/v2\/pages\/642\"><div class=\"evf-field-container\"><input type=\"hidden\" id=\"_wpnonce658\" name=\"_wpnonce658\" value=\"c5af5209a1\" \/><input type=\"hidden\" name=\"_wp_http_referer\" value=\"\/en\/wp-json\/wp\/v2\/pages\/642\" \/><div class=\"evf-frontend-row\" data-row=\"row_1\" conditional_rules=\"[]\"><div class=\"evf-frontend-grid evf-grid-1\" data-grid=\"grid_1\"><div id=\"evf-658-field_tITB6WRe8a-1-container\" class=\"evf-field evf-field-last-name form-row validate-required\" data-required-field-message=\"Ce champ est obligatoire.\" data-field-id=\"tITB6WRe8a-1\"><label class=\"evf-field-label\" for=\"evf-658-field_tITB6WRe8a-1\"><span class=\"evf-label\">Nom Complet<\/span> <abbr class=\"required\" title=\"Required\">*<\/abbr><\/label><input type=\"text\" id=\"evf-658-field_tITB6WRe8a-1\" class=\"input-text\" name=\"everest_forms[form_fields][tITB6WRe8a-1]\" conditional_id=\"tITB6WRe8a-1\" required><\/div><\/div><\/div><div class=\"evf-frontend-row\" data-row=\"row_2\" conditional_rules=\"[]\"><div class=\"evf-frontend-grid evf-grid-1\" data-grid=\"grid_1\"><div id=\"evf-658-field_86A9GVfwPi-2-container\" class=\"evf-field evf-field-email form-row validate-required validate-email\" data-required-field-message=\"S&#039;il vous pla\u00eet, mettez une adresse email valide.\" data-field-id=\"86A9GVfwPi-2\"><label class=\"evf-field-label\" for=\"evf-658-field_86A9GVfwPi-2\"><span class=\"evf-label\">Courriel<\/span> <abbr class=\"required\" title=\"Required\">*<\/abbr><\/label><input type=\"email\" id=\"evf-658-field_86A9GVfwPi-2\" class=\"input-text\" name=\"everest_forms[form_fields][86A9GVfwPi-2]\" conditional_id=\"86A9GVfwPi-2\" required ><\/div><\/div><\/div><div class=\"evf-frontend-row\" data-row=\"row_3\" conditional_rules=\"[]\"><div class=\"evf-frontend-grid evf-grid-1\" data-grid=\"grid_1\"><div id=\"evf-658-field_6qqt71Zejk-3-container\" class=\"evf-field evf-field-phone form-row validate-phone\" data-field-id=\"6qqt71Zejk-3\"><label class=\"evf-field-label\" for=\"evf-658-field_6qqt71Zejk-3\"><span class=\"evf-label\">Num\u00e9ro de t\u00e9l\u00e9phone<\/span> <\/label><input type=\"tel\" id=\"evf-658-field_6qqt71Zejk-3\" class=\"input-text evf-smart-phone-field\" data-rule-smart-phone-field=\"true\" name=\"everest_forms[form_fields][6qqt71Zejk-3]\" conditional_id=\"6qqt71Zejk-3\" ><\/div><\/div><\/div><div class=\"evf-frontend-row\" data-row=\"row_4\" conditional_rules=\"[]\"><div class=\"evf-frontend-grid evf-grid-1\" data-grid=\"grid_1\"><div id=\"evf-658-field_muOJdkmdDA-4-container\" class=\"evf-field evf-field-text form-row\" data-field-id=\"muOJdkmdDA-4\"><label class=\"evf-field-label\" for=\"evf-658-field_muOJdkmdDA-4\"><span class=\"evf-label\">Nom Cie. ou organisme<\/span> <\/label><input type=\"text\" id=\"evf-658-field_muOJdkmdDA-4\" class=\"input-text\" name=\"everest_forms[form_fields][muOJdkmdDA-4]\" conditional_id=\"muOJdkmdDA-4\" ><\/div><\/div><\/div><div class=\"evf-frontend-row\" data-row=\"row_5\" conditional_rules=\"[]\"><div class=\"evf-frontend-grid evf-grid-1\" data-grid=\"grid_1\"><div id=\"evf-658-field_6vKluFvT00-6-container\" class=\"evf-field evf-field-date-time form-row validate-required\" data-required-field-message=\"Ce champ est obligatoire.\" data-field-id=\"6vKluFvT00-6\"><label class=\"evf-field-label\" for=\"evf-658-field_6vKluFvT00-6\"><span class=\"evf-label\">Date de l\u00e9v\u00e8nement<\/span> <abbr class=\"required\" title=\"Required\">*<\/abbr><\/label><input type=\"text\" id=\"evf-658-field_6vKluFvT00-6\" class=\"flatpickr-field input-text\" name=\"everest_forms[form_fields][6vKluFvT00-6]\" data-time-interval=\"15\" data-date-time=\"date\" data-mode=\"single\" data-locale=\"en\" data-date-format=\"Y-m-d\" conditional_id=\"6vKluFvT00-6\" required ><\/div><div id=\"evf-658-field_tcKxYhTxUO-5-container\" class=\"evf-field evf-field-text form-row validate-required\" data-required-field-message=\"Ce champ est obligatoire.\" data-field-id=\"tcKxYhTxUO-5\"><label class=\"evf-field-label\" for=\"evf-658-field_tcKxYhTxUO-5\"><span class=\"evf-label\">Genre d&rsquo;\u00e9v\u00e8nement<\/span> <abbr class=\"required\" title=\"Required\">*<\/abbr><\/label><input type=\"text\" id=\"evf-658-field_tcKxYhTxUO-5\" class=\"input-text\" name=\"everest_forms[form_fields][tcKxYhTxUO-5]\" conditional_id=\"tcKxYhTxUO-5\" required><\/div><div id=\"evf-658-field_ObZ1qLc9O8-7-container\" class=\"evf-field evf-field-number form-row\" data-field-id=\"ObZ1qLc9O8-7\"><label class=\"evf-field-label\" for=\"evf-658-field_ObZ1qLc9O8-7\"><span class=\"evf-label\">Budget aproximatif<\/span> <\/label><input type=\"number\" id=\"evf-658-field_ObZ1qLc9O8-7\" class=\"input-text\" name=\"everest_forms[form_fields][ObZ1qLc9O8-7]\" conditional_id=\"ObZ1qLc9O8-7\" \/><\/div><\/div><\/div><div class=\"evf-frontend-row\" data-row=\"row_6\" conditional_rules=\"[]\"><div class=\"evf-frontend-grid evf-grid-1\" data-grid=\"grid_1\"><div id=\"evf-658-field_BmswXb6zNB-8-container\" class=\"evf-field evf-field-textarea form-row\" data-field-id=\"BmswXb6zNB-8\"><label class=\"evf-field-label\" for=\"evf-658-field_BmswXb6zNB-8\"><span class=\"evf-label\">Renseignements pertinents (Nombre de personne, nombre de jeux, dur\u00e9e d\u2019\u00e9v\u00e8nement\u2026)<\/span> <\/label><textarea id=\"evf-658-field_BmswXb6zNB-8\" class=\"input-text\" name=\"everest_forms[form_fields][BmswXb6zNB-8]\" conditional_id=\"BmswXb6zNB-8\"  ><\/textarea><\/div><\/div><\/div><\/div><div class=\"evf-honeypot-container evf-field-hp\"><label for=\"evf-658-field-hp\" class=\"evf-field-label\">Name<\/label><input type=\"text\" name=\"everest_forms[hp]\" id=\"evf-658-field-hp\" class=\"input-text\"><\/div><div class=\"evf-submit-container \" ><input type=\"hidden\" name=\"everest_forms[id]\" value=\"658\"><input type=\"hidden\" name=\"everest_forms[author]\" value=\"2\"><button type='submit' name='everest_forms[submit]' class='everest-forms-submit-button button evf-submit ' id='evf-submit-658' value='evf-submit' data-process-text=\"En traitement\u2026\" conditional_rules='&quot;&quot;' conditional_id='evf-submit-658'  id=\"evf-submit-658\" aria-live=\"assertive\">Soumettre<\/button><\/div><\/form><\/div><!-- .evf-container --><\/div><\/div>\n<\/div>\n","protected":false},"excerpt":{"rendered":"","protected":false},"author":2,"featured_media":0,"parent":0,"menu_order":0,"comment_status":"closed","ping_status":"closed","template":"","meta":{"_acf_changed":false,"footnotes":""},"class_list":["post-642","page","type-page","status-publish","hentry"],"acf":[],"_links":{"self":[{"href":"https:\/\/gvl-rive-nord.com\/en\/wp-json\/wp\/v2\/pages\/642","targetHints":{"allow":["GET"]}}],"collection":[{"href":"https:\/\/gvl-rive-nord.com\/en\/wp-json\/wp\/v2\/pages"}],"about":[{"href":"https:\/\/gvl-rive-nord.com\/en\/wp-json\/wp\/v2\/types\/page"}],"author":[{"embeddable":true,"href":"https:\/\/gvl-rive-nord.com\/en\/wp-json\/wp\/v2\/users\/2"}],"replies":[{"embeddable":true,"href":"https:\/\/gvl-rive-nord.com\/en\/wp-json\/wp\/v2\/comments?post=642"}],"version-history":[{"count":0,"href":"https:\/\/gvl-rive-nord.com\/en\/wp-json\/wp\/v2\/pages\/642\/revisions"}],"wp:attachment":[{"href":"https:\/\/gvl-rive-nord.com\/en\/wp-json\/wp\/v2\/media?parent=642"}],"curies":[{"name":"wp","href":"https:\/\/api.w.org\/{rel}","templated":true}]}}