{"id":640,"date":"2024-11-08T15:10:02","date_gmt":"2024-11-08T15:10:02","guid":{"rendered":"https:\/\/gvl-rive-nord.com\/?page_id=640"},"modified":"2024-11-12T16:24:44","modified_gmt":"2024-11-12T16:24:44","slug":"additional-services","status":"publish","type":"page","link":"https:\/\/gvl-rive-nord.com\/en\/services-complementaires\/","title":{"rendered":"Additional services"},"content":{"rendered":"<div class=\"wp-block-columns is-layout-flex wp-container-core-columns-is-layout-9d6595d7 wp-block-columns-is-layout-flex\">\n<div class=\"wp-block-column is-layout-flow wp-block-column-is-layout-flow\">\n<p>Ajoutez du piquant ou du sucr\u00e9 \u00e0 votre \u00e9v\u00e9nement !!<\/p>\n\n\n\n<p>Choisissez parmi nos services compl\u00e9mentaires afin d\u2019ajouter une petite touche personnelle \u00e0 votre \u00e9v\u00e9nement !<\/p>\n\n\n\n<p>N\u2019h\u00e9sitez pas \u00e0 nous contacter pour vos demandes sp\u00e9ciales !<\/p>\n<\/div>\n\n\n\n<div class=\"wp-block-column is-layout-flow wp-block-column-is-layout-flow\">\n\t<section class=\"custom-gallery\">\n\n\t\t\n\t\t\t\n\t\t\t\t<div class=\"customGalleryFirstItem custom-gallery__images custom-gallery__images--first\">\n\t\t\t\t\t<img\n\t\t\t\t\t\tclass=\"custom-gallery__images__item\"\n\t\t\t\t\t\tsrc=\"https:\/\/gvl-rive-nord.com\/wp-content\/uploads\/2024\/11\/kids-having-fun-jungle-party-1-scaled.jpg\"\n\t\t\t\t\t\talt=\"http:\/\/enfant%20du%20camp%20de%20jour%20avec%20maquillage\"\n\t\t\t\t\t\/>\n\t\t\t\t<\/div>\n\n\t\t\t\n\t\t\t\t\t\t\t\n\t<\/section>\n<\/div>\n<\/div>\n\n\n\n<div style=\"height:100px\" aria-hidden=\"true\" class=\"wp-block-spacer\"><\/div>\n\n\n\n<h2 class=\"wp-block-heading\">Spectacle de BMX<\/h2>\n\n\n\n<h2 class=\"wp-block-heading\">Spectacle de danse hip hop<\/h2>\n\n\n\n<h2 class=\"wp-block-heading\">Camion collations (barbe \u00e0 papa, cr\u00e8me glac\u00e9e\u2026)<\/h2>\n\n\n\n<h2 class=\"wp-block-heading\">Maquilleuses<\/h2>\n\n\n\n<h2 class=\"wp-block-heading\">Ma\u00eetres de c\u00e9r\u00e9monies \/ DJs<\/h2>","protected":false},"excerpt":{"rendered":"<p>Ajoutez du piquant ou du sucr\u00e9 \u00e0 votre \u00e9v\u00e9nement !! Choisissez parmi nos services compl\u00e9mentaires [&hellip;]<\/p>\n","protected":false},"author":2,"featured_media":0,"parent":0,"menu_order":0,"comment_status":"closed","ping_status":"closed","template":"","meta":{"_acf_changed":false,"footnotes":""},"class_list":["post-640","page","type-page","status-publish","hentry"],"acf":[],"_links":{"self":[{"href":"https:\/\/gvl-rive-nord.com\/en\/wp-json\/wp\/v2\/pages\/640","targetHints":{"allow":["GET"]}}],"collection":[{"href":"https:\/\/gvl-rive-nord.com\/en\/wp-json\/wp\/v2\/pages"}],"about":[{"href":"https:\/\/gvl-rive-nord.com\/en\/wp-json\/wp\/v2\/types\/page"}],"author":[{"embeddable":true,"href":"https:\/\/gvl-rive-nord.com\/en\/wp-json\/wp\/v2\/users\/2"}],"replies":[{"embeddable":true,"href":"https:\/\/gvl-rive-nord.com\/en\/wp-json\/wp\/v2\/comments?post=640"}],"version-history":[{"count":0,"href":"https:\/\/gvl-rive-nord.com\/en\/wp-json\/wp\/v2\/pages\/640\/revisions"}],"wp:attachment":[{"href":"https:\/\/gvl-rive-nord.com\/en\/wp-json\/wp\/v2\/media?parent=640"}],"curies":[{"name":"wp","href":"https:\/\/api.w.org\/{rel}","templated":true}]}}