{"id":51,"date":"2024-10-24T08:50:56","date_gmt":"2024-10-24T08:50:56","guid":{"rendered":"https:\/\/gvl-rive-nord.com\/?page_id=51"},"modified":"2026-03-03T16:25:28","modified_gmt":"2026-03-03T16:25:28","slug":"about-us","status":"publish","type":"page","link":"https:\/\/gvl-rive-nord.com\/en\/a-propos-de-nous\/","title":{"rendered":"About us"},"content":{"rendered":"<div style=\"height:75px\" aria-hidden=\"true\" class=\"wp-block-spacer\"><\/div>\n\n\n\n<div class=\"wp-block-columns are-vertically-aligned-center is-layout-flex wp-container-core-columns-is-layout-9d6595d7 wp-block-columns-is-layout-flex\">\n<div class=\"wp-block-column is-vertically-aligned-center is-layout-flow wp-block-column-is-layout-flow\">\n<h2 class=\"wp-block-heading\">Who are we?<\/h2>\n\n\n\n<p>Dans le domaine depuis 1995,&nbsp;l&rsquo;entreprise se sp\u00e9cialise en gestion de loisirs et d&rsquo;\u00e9quipement. <strong>GVL Rive-Nord<\/strong> est un v\u00e9ritable&nbsp;<strong>centre de loisirs<\/strong>&nbsp;multifonction, offrant une gamme de services diversifi\u00e9s dans le domaine de l\u2019organisation d\u2019<strong>of events<\/strong>. Notre section \u00e9v\u00e9nements permet \u00e0 chaque client de d\u00e9couvrir l&rsquo;ensemble de nos services adapt\u00e9s aux besoins vari\u00e9s des collectivit\u00e9s et des entreprises.<\/p>\n\n\n\n<p><strong>Les Camps AES<\/strong>, une division de <strong>GVL Rive-Nord<\/strong>, se positionnent comme un <em>leader<\/em> en gestion de camps de jour municipaux sur la <strong>Rive-Nord de&nbsp;Montr\u00e9al<\/strong>&nbsp;et au-del\u00e0, avec une expertise reconnue en&nbsp;<strong>gestion d\u00e9l\u00e9gu\u00e9e<\/strong>. Gr\u00e2ce \u00e0 notre savoir-faire, nous sommes en mesure de r\u00e9pondre \u00e0 chaque demande sp\u00e9cifique pour garantir un projet enti\u00e8rement cl\u00e9s en main.<\/p>\n\n\n\n<p>Que vous souhaitiez organiser un\u00a0<strong>day camp<\/strong>\u00a0sur mesure ou un \u00e9v\u00e9nement culturel, sportif, r\u00e9cr\u00e9atif ou corporatif,\u00a0<strong>GVL Rive-Nord<\/strong>\u00a0s&rsquo;engage \u00e0 fournir des services professionnels adapt\u00e9s \u00e0 vos besoins pour une exp\u00e9rience unique et sans souci.<\/p>\n<\/div>\n\n\n\n<div class=\"wp-block-column is-vertically-aligned-center is-layout-flow wp-block-column-is-layout-flow\">\n<figure class=\"wp-block-image size-large has-custom-border is-style-default\"><img loading=\"lazy\" decoding=\"async\" width=\"768\" height=\"1024\" src=\"https:\/\/gvl-rive-nord.com\/wp-content\/uploads\/2024\/11\/298069462_1659547567761023_3189621714890740384_n-768x1024.jpg\" alt=\"\" class=\"wp-image-401\" style=\"border-radius:10px\" srcset=\"https:\/\/gvl-rive-nord.com\/wp-content\/uploads\/2024\/11\/298069462_1659547567761023_3189621714890740384_n-768x1024.jpg 768w, https:\/\/gvl-rive-nord.com\/wp-content\/uploads\/2024\/11\/298069462_1659547567761023_3189621714890740384_n-225x300.jpg 225w, https:\/\/gvl-rive-nord.com\/wp-content\/uploads\/2024\/11\/298069462_1659547567761023_3189621714890740384_n-1152x1536.jpg 1152w, https:\/\/gvl-rive-nord.com\/wp-content\/uploads\/2024\/11\/298069462_1659547567761023_3189621714890740384_n.jpg 1536w\" sizes=\"auto, (max-width: 768px) 100vw, 768px\" \/><\/figure>\n<\/div>\n<\/div>\n\n\n\n<div aria-hidden=\"true\" class=\"wp-block-spacer\"><\/div>\n\n\n\n<h2 class=\"wp-block-heading\">Comprehensive and adapted leisure services<\/h2>\n\n\n\n<p><strong>GVL Rive-Nord<\/strong> dessert chaque ann\u00e9e plus de 25 villes et municipalit\u00e9s, plus de 100 \u00e9coles et 50 entreprises au&nbsp;<strong>Quebec<\/strong>. We rely on a diverse team of twenty regular employees and around fifty part-time employees to ensure quality of service throughout the year. During the summer, our team expands with more than 600 employees to meet the needs of our camps and summer activities.<\/p>\n\n\n\n<div aria-hidden=\"true\" class=\"wp-block-spacer\"><\/div>\n\n\n\n<div class=\"wp-block-columns are-vertically-aligned-center has-background is-layout-flex wp-container-core-columns-is-layout-f6673dd4 wp-block-columns-is-layout-flex\" style=\"border-radius:10px;background-color:#f7ede2;padding-top:5rem;padding-right:5rem;padding-bottom:5rem;padding-left:5rem\">\n<div class=\"wp-block-column is-vertically-aligned-center is-layout-flow wp-block-column-is-layout-flow\">\n<h2 class=\"wp-block-heading\">Our main services include :<\/h2>\n\n\n\n<ul class=\"wp-block-list\">\n<li class=\"translation-block\"><strong>Day camps<\/strong>, both regular and themed, for children aged 5 to 12, providing families with tailored solutions during the summer period.<\/li>\n\n\n\n<li><strong>Organisation d\u2019\u00e9v\u00e9nements sp\u00e9ciaux<\/strong>\u00a0pour tous \u00e2ges, incluant des f\u00eates d\u2019entreprise, c\u00e9l\u00e9bration de No\u00ebl, F\u00eate Nationale et journ\u00e9es champ\u00eatres.<\/li>\n\n\n\n<li class=\"translation-block\"><strong>Inflatable game rentals<\/strong> to energize your events and provide a playful experience for everyone.<\/li>\n\n\n\n<li class=\"translation-block\"><strong>Planning and animation of themed activities<\/strong> tailored for children and adults, ideal for family or professional events.<\/li>\n\n\n\n<li class=\"translation-block\"><strong>Animation of leisure activities<\/strong> specifically designed for children, reinforcing our expertise as a versatile recreation center.<\/li>\n<\/ul>\n\n\n\n<p>Notre capacit\u00e9 d\u2019adaptation et notre flexibilit\u00e9 sont particuli\u00e8rement appr\u00e9ci\u00e9es de notre client\u00e8le, qui sait qu&rsquo;elle peut compter sur nous pour un service en constante \u00e9volution. En travaillant avec <strong>GVL Rive-Nord<\/strong>, nos clients b\u00e9n\u00e9ficient de th\u00e8mes innovants, parfaitement ajust\u00e9s aux derni\u00e8res tendances et aux besoins sp\u00e9cifiques de chaque \u00e9v\u00e9nement.<\/p>\n<\/div>\n\n\n\n<div class=\"wp-block-column is-vertically-aligned-center text-center is-layout-flow wp-block-column-is-layout-flow\">\n<figure class=\"wp-block-image alignfull size-large has-custom-border\"><img loading=\"lazy\" decoding=\"async\" width=\"682\" height=\"1024\" src=\"https:\/\/gvl-rive-nord.com\/wp-content\/uploads\/2024\/11\/children-sitting-laughing-outdoors-682x1024.jpg\" alt=\"\" class=\"wp-image-438\" style=\"border-radius:10px\" srcset=\"https:\/\/gvl-rive-nord.com\/wp-content\/uploads\/2024\/11\/children-sitting-laughing-outdoors-682x1024.jpg 682w, https:\/\/gvl-rive-nord.com\/wp-content\/uploads\/2024\/11\/children-sitting-laughing-outdoors-200x300.jpg 200w, https:\/\/gvl-rive-nord.com\/wp-content\/uploads\/2024\/11\/children-sitting-laughing-outdoors-768x1152.jpg 768w, https:\/\/gvl-rive-nord.com\/wp-content\/uploads\/2024\/11\/children-sitting-laughing-outdoors-1024x1536.jpg 1024w, https:\/\/gvl-rive-nord.com\/wp-content\/uploads\/2024\/11\/children-sitting-laughing-outdoors-1365x2048.jpg 1365w, https:\/\/gvl-rive-nord.com\/wp-content\/uploads\/2024\/11\/children-sitting-laughing-outdoors-scaled.jpg 1706w\" sizes=\"auto, (max-width: 682px) 100vw, 682px\" \/><\/figure>\n<\/div>\n<\/div>\n\n\n\n<div aria-hidden=\"true\" class=\"wp-block-spacer\"><\/div>\n\n\n\n<div aria-hidden=\"true\" class=\"wp-block-spacer\"><\/div>\n\n\n\n<div class=\"wp-block-columns are-vertically-aligned-center is-layout-flex wp-container-core-columns-is-layout-9d6595d7 wp-block-columns-is-layout-flex\">\n<div class=\"wp-block-column is-vertically-aligned-center is-layout-flow wp-block-column-is-layout-flow\">\n<h2 class=\"wp-block-heading\">Our commitment to customer satisfaction:<\/h2>\n\n\n\n<p>Chez&nbsp;<strong>GVL Rive-Nord<\/strong>, nous pla\u00e7ons nos clients au coeur de notre d\u00e9marche. Nous visons \u00e0 offrir une exp\u00e9rience client in\u00e9gal\u00e9e en r\u00e9pondant avec soin aux exigences et attentes de chacun. La diversit\u00e9 de notre offre de services nous permet de satisfaire une large client\u00e8le, qu&rsquo;il s&rsquo;agisse de familles recherchant des camps d\u2019\u00e9t\u00e9, de municipalit\u00e9s souhaitant des solutions cl\u00e9s en main, ou d\u2019entreprises d\u00e9sirant organiser un \u00e9v\u00e9nement marquant.<\/p>\n\n\n\n<p><\/p>\n<\/div>\n<\/div>\n\n\n\n<div aria-hidden=\"true\" class=\"wp-block-spacer\"><\/div>\n\n\n\n<p class=\"has-text-align-center translation-block\">Have a question?<br>\n<a href=\"https:\/\/gvl-rive-nord.com\/en\/contact\/\" target=\"_self\">Contact us<\/a> via our contact form, we're here to help!<\/p>\n\n\n\n<div aria-hidden=\"true\" class=\"wp-block-spacer\"><\/div>","protected":false},"excerpt":{"rendered":"<p>Qui sommes-nous ? Dans le domaine depuis 1995,&nbsp;l&rsquo;entreprise se sp\u00e9cialise en gestion de loisirs et [&hellip;]<\/p>\n","protected":false},"author":2,"featured_media":0,"parent":0,"menu_order":0,"comment_status":"closed","ping_status":"closed","template":"","meta":{"_acf_changed":false,"footnotes":""},"class_list":["post-51","page","type-page","status-publish","hentry"],"acf":[],"_links":{"self":[{"href":"https:\/\/gvl-rive-nord.com\/en\/wp-json\/wp\/v2\/pages\/51","targetHints":{"allow":["GET"]}}],"collection":[{"href":"https:\/\/gvl-rive-nord.com\/en\/wp-json\/wp\/v2\/pages"}],"about":[{"href":"https:\/\/gvl-rive-nord.com\/en\/wp-json\/wp\/v2\/types\/page"}],"author":[{"embeddable":true,"href":"https:\/\/gvl-rive-nord.com\/en\/wp-json\/wp\/v2\/users\/2"}],"replies":[{"embeddable":true,"href":"https:\/\/gvl-rive-nord.com\/en\/wp-json\/wp\/v2\/comments?post=51"}],"version-history":[{"count":5,"href":"https:\/\/gvl-rive-nord.com\/en\/wp-json\/wp\/v2\/pages\/51\/revisions"}],"predecessor-version":[{"id":1226,"href":"https:\/\/gvl-rive-nord.com\/en\/wp-json\/wp\/v2\/pages\/51\/revisions\/1226"}],"wp:attachment":[{"href":"https:\/\/gvl-rive-nord.com\/en\/wp-json\/wp\/v2\/media?parent=51"}],"curies":[{"name":"wp","href":"https:\/\/api.w.org\/{rel}","templated":true}]}}