{"id":174,"date":"2024-10-29T17:51:40","date_gmt":"2024-10-29T17:51:40","guid":{"rendered":"https:\/\/gvl-rive-nord.com\/?page_id=174"},"modified":"2026-03-03T08:22:21","modified_gmt":"2026-03-03T08:22:21","slug":"jobs","status":"publish","type":"page","link":"https:\/\/gvl-rive-nord.com\/en\/emplois\/","title":{"rendered":"Jobs"},"content":{"rendered":"<div style=\"height:75px\" aria-hidden=\"true\" class=\"wp-block-spacer\"><\/div>\n\n\n\n<h2 class=\"wp-block-heading has-text-align-center\">Summer job opportunities for day camps and events<\/h2>\n\n\n\n<p class=\"translation-block\">Looking for a stimulating and enriching summer job within a dynamic team? Join GVL Rive-Nord and discover unique opportunities in our <strong>day camps<\/strong> and event projects. Whether you're on the North Shore of Montreal or in the surrounding areas, we invite you to be part of a motivated team, where each member contributes to creating unforgettable experiences for youth and families.<\/p>\n\n\n\n<figure class=\"wp-block-image size-full has-custom-border\"><img loading=\"lazy\" decoding=\"async\" width=\"1920\" height=\"1440\" src=\"https:\/\/gvl-rive-nord.com\/wp-content\/uploads\/2024\/12\/20240703_142948443_iOS.jpg\" alt=\"\" class=\"wp-image-821\" style=\"border-radius:10px\" srcset=\"https:\/\/gvl-rive-nord.com\/wp-content\/uploads\/2024\/12\/20240703_142948443_iOS.jpg 1920w, https:\/\/gvl-rive-nord.com\/wp-content\/uploads\/2024\/12\/20240703_142948443_iOS-300x225.jpg 300w, https:\/\/gvl-rive-nord.com\/wp-content\/uploads\/2024\/12\/20240703_142948443_iOS-1024x768.jpg 1024w, https:\/\/gvl-rive-nord.com\/wp-content\/uploads\/2024\/12\/20240703_142948443_iOS-768x576.jpg 768w, https:\/\/gvl-rive-nord.com\/wp-content\/uploads\/2024\/12\/20240703_142948443_iOS-1536x1152.jpg 1536w\" sizes=\"auto, (max-width: 1920px) 100vw, 1920px\" \/><\/figure>\n\n\n\n<div style=\"height:30px\" aria-hidden=\"true\" class=\"wp-block-spacer\"><\/div>\n\n\n\n<h2 class=\"wp-block-heading\">Pourquoi travailler chez GVL Rive-Nord ?<\/h2>\n\n\n\n<p>Travailler chez GVL Rive-Nord, c\u2019est bien plus qu\u2019un simple&nbsp;<strong>emploi<\/strong>. Nous offrons un environnement accueillant o\u00f9 l\u2019autonomie et la cr\u00e9ativit\u00e9 sont valoris\u00e9es. En rejoignant notre \u00e9quipe, tu pourras d\u00e9velopper des comp\u00e9tences en animation, gestion d\u2019activit\u00e9s et organisation de projets, le tout dans un cadre dynamique et enrichissant. Nos&nbsp;<strong>day camps <\/strong>et \u00e9v\u00e9nements sont l\u2019occasion d\u2019apprendre tout en s\u2019amusant et de contribuer \u00e0 des projets vari\u00e9s qui r\u00e9pondent aux besoins des communaut\u00e9s locales.<\/p>\n\n\n\n<div style=\"height:30px\" aria-hidden=\"true\" class=\"wp-block-spacer\"><\/div>\n\n\n\n<div class=\"wp-block-columns are-vertically-aligned-center is-layout-flex wp-container-core-columns-is-layout-9d6595d7 wp-block-columns-is-layout-flex\">\n<div class=\"wp-block-column is-vertically-aligned-center is-layout-flow wp-block-column-is-layout-flow\">\n<h2 class=\"wp-block-heading\">A rewarding and flexible work environment<\/h2>\n\n\n\n<p class=\"translation-block\">At GVL Rive-Nord, we place great importance on personal growth and work flexibility. Working in our <strong><a href=\"https:\/\/gvl-rive-nord.com\/en\/day-camps\/\" data-type=\"page\" data-id=\"165\" target=\"_self\">day camps<\/a><\/strong> or participating in our event projects will allow you to develop your sense of initiative and take on responsibilities suited to your skills. Whether you're a student, recent graduate, or simply looking for a <strong>summer job<\/strong> that allows you to balance work and personal development, GVL Rive-Nord offers you a work environment where your involvement is valued.<\/p>\n\n\n\n<p>Our team benefits from the flexibility necessary to reconcile personal and professional obligations, especially during the summer. This concern for flexibility, combined with a positive and collaborative working atmosphere, is one of the reasons why our employees come back every year and continue to contribute to the success of our leisure activities and events projects.&nbsp;<strong>leisure activities<\/strong>&nbsp;et d\u2019<strong><a href=\"https:\/\/gvl-rive-nord.com\/en\/events\/\" data-type=\"page\" data-id=\"172\">of events<\/a><\/strong>.<\/p>\n<\/div>\n\n\n\n<div class=\"wp-block-column is-vertically-aligned-center is-layout-flow wp-block-column-is-layout-flow\">\n<figure class=\"wp-block-image size-full has-custom-border\"><img loading=\"lazy\" decoding=\"async\" width=\"768\" height=\"1024\" src=\"https:\/\/gvl-rive-nord.com\/wp-content\/uploads\/2024\/12\/20240712_162819969_iOS.jpg\" alt=\"\" class=\"wp-image-822\" style=\"border-radius:10px\" srcset=\"https:\/\/gvl-rive-nord.com\/wp-content\/uploads\/2024\/12\/20240712_162819969_iOS.jpg 768w, https:\/\/gvl-rive-nord.com\/wp-content\/uploads\/2024\/12\/20240712_162819969_iOS-225x300.jpg 225w\" sizes=\"auto, (max-width: 768px) 100vw, 768px\" \/><\/figure>\n<\/div>\n<\/div>\n\n\n\n\n<section class=\"accordionItem  accordion-block\" style=\"background-color:#f7ede2;\">\n\n\t<a href=\"https:\/\/app.gestion-toutcamps.com\/recruitment\/apply\/bd020f0c5788645b59c3b9d96d2144d94e6d2a06d503bf3be12e61b66c1290d2\"  target=\"_blank\" style=\"color:#7b7671;\" class=\"accordion-block__header\">\n\t\t\n\t\t\t<div class=\"accordion-block__header__description\">\n\t\t\t\t\t\t\t\t\t<h2 class=\"accordion-block__header__description__title\" style=\"color:#7b7671;\">\n\t\t\t\t\t\tSubmit my application for the day camp\t\t\t\t\t<\/h2>\n\t\t\t\t\n\t\t\t\t\t\t\t\t\t<div class=\"accordion-block__header__descritpion__text\">\n\t\t\t\t\t\t<p>Pour les camps r\u00e9guliers , th\u00e9matiques ou en accompagnement (TERREBONNE, MASCOUCHE, LAVALTRIE, ST-LIGUORI,\u00a0 ST-ESPRIT, ST-ROCH, NOTRE-DAME-DES-PRAIRIES ET MONT-TREMBLANT)<\/p>\n\t\t\t\t\t<\/div>\n\t\t\t\t\t\t\t<\/div>\n\n\t\t\t<div class=\"accordionArrow accordion-block__header__arrow\" style=\"color:#7b7671;\">\n\t\t\t\t<span class=\"accordion-block__header__arrow__item material-symbols-outlined\" style=\"color:#7b7671;\">\n\t\t\t\t\tarrow_forward\n\t\t\t\t<\/span>\n\t\t\t<\/div>\n\n\t\t\t<\/a>\n\n\t\n<\/section>\n\n\n\n<div class=\"wp-block-columns are-vertically-aligned-center has-border-color is-layout-flex wp-container-core-columns-is-layout-f73ebb37 wp-block-columns-is-layout-flex\" style=\"border-color:#9dc4bc;border-style:solid;border-width:2px;border-radius:10px;padding-top:2rem;padding-right:2rem;padding-bottom:2rem;padding-left:2rem\">\n<div class=\"wp-block-column is-vertically-aligned-center is-layout-flow wp-block-column-is-layout-flow\" style=\"flex-basis:10%\">\n<figure class=\"wp-block-image aligncenter size-full is-resized mb-0\"><img loading=\"lazy\" decoding=\"async\" width=\"98\" height=\"98\" src=\"https:\/\/gvl-rive-nord.com\/wp-content\/uploads\/2024\/11\/icon-info.png\" alt=\"\" class=\"wp-image-448\" style=\"width:50px\"\/><\/figure>\n<\/div>\n\n\n\n<div class=\"wp-block-column is-vertically-aligned-center is-layout-flow wp-block-column-is-layout-flow\" style=\"flex-basis:66.66%\">\n<p class=\"mb-0 has-text-color has-link-color wp-elements-d330fa49bad558fa77c0feac7c52bef7\" style=\"color:#9dc4bc\">Pour toute question concernant le processus de recrutement,<br>nous vous invitons \u00e0 communiquer par courriel \u00e0 l\u2019adresse&nbsp;<a href=\"mailto:lisianne.cloutier@gvl-inc.com\"><\/a><a href=\"mailto:recrutement@gvl-inc.com\">recrutement@gvl-rive-nord.com<\/a><\/p>\n<\/div>\n<\/div>\n\n\n\n<div style=\"height:30px\" aria-hidden=\"true\" class=\"wp-block-spacer\"><\/div>\n\n\n\n<h2 class=\"wp-block-heading\">GVL Rive-Nord: a key player in leisure and event management<\/h2>\n\n\n\n<p class=\"translation-block\">By joining GVL Rive-Nord, you contribute to offering quality leisure activities and organizing memorable events for local communities. Whether it's <strong>day camps<\/strong>, community events, or <strong>recreation center<\/strong> projects, you'll play an important role in carrying out activities that bring joy to thousands of participants each year. Our employees are at the heart of our projects, and we support them in their development to ensure an experience that meets our clients' expectations.<\/p>\n\n\n\n<div style=\"height:100px\" aria-hidden=\"true\" class=\"wp-block-spacer\"><\/div>\n\n\n\n<p class=\"has-text-align-center translation-block\">If you're looking for a summer job that will allow you to grow while having a positive impact, <a href=\"https:\/\/gvl-rive-nord.com\/en\/contact\/\" data-type=\"page\" data-id=\"162\" target=\"_self\">GVL<\/a> Rive-Nord is the ideal place. Apply today and come experience a unique adventure with us!<\/p>\n\n\n\n<div style=\"height:100px\" aria-hidden=\"true\" class=\"wp-block-spacer\"><\/div>","protected":false},"excerpt":{"rendered":"<p>Offres d&#8217;emploi d\u2019\u00e9t\u00e9 pour camps de jour et \u00e9v\u00e9nements Envie d\u2019un emploi d\u2019\u00e9t\u00e9 stimulant et [&hellip;]<\/p>\n","protected":false},"author":2,"featured_media":0,"parent":0,"menu_order":0,"comment_status":"closed","ping_status":"closed","template":"","meta":{"_acf_changed":false,"footnotes":""},"class_list":["post-174","page","type-page","status-publish","hentry"],"acf":[],"_links":{"self":[{"href":"https:\/\/gvl-rive-nord.com\/en\/wp-json\/wp\/v2\/pages\/174","targetHints":{"allow":["GET"]}}],"collection":[{"href":"https:\/\/gvl-rive-nord.com\/en\/wp-json\/wp\/v2\/pages"}],"about":[{"href":"https:\/\/gvl-rive-nord.com\/en\/wp-json\/wp\/v2\/types\/page"}],"author":[{"embeddable":true,"href":"https:\/\/gvl-rive-nord.com\/en\/wp-json\/wp\/v2\/users\/2"}],"replies":[{"embeddable":true,"href":"https:\/\/gvl-rive-nord.com\/en\/wp-json\/wp\/v2\/comments?post=174"}],"version-history":[{"count":12,"href":"https:\/\/gvl-rive-nord.com\/en\/wp-json\/wp\/v2\/pages\/174\/revisions"}],"predecessor-version":[{"id":1223,"href":"https:\/\/gvl-rive-nord.com\/en\/wp-json\/wp\/v2\/pages\/174\/revisions\/1223"}],"wp:attachment":[{"href":"https:\/\/gvl-rive-nord.com\/en\/wp-json\/wp\/v2\/media?parent=174"}],"curies":[{"name":"wp","href":"https:\/\/api.w.org\/{rel}","templated":true}]}}