{"id":170,"date":"2024-10-29T17:51:05","date_gmt":"2024-10-29T17:51:05","guid":{"rendered":"https:\/\/gvl-rive-nord.com\/?page_id=170"},"modified":"2026-03-25T18:45:11","modified_gmt":"2026-03-25T18:45:11","slug":"our-games","status":"publish","type":"page","link":"https:\/\/gvl-rive-nord.com\/en\/nos-jeux\/","title":{"rendered":"Our games"},"content":{"rendered":"<h2 class=\"wp-block-heading\">Our inflatable games for pure fun<\/h2>\n\n\n\n<p>GVL Rive-Nord est votre r\u00e9f\u00e9rence en\u00a0<strong>jeux gonflables<\/strong>\u00a0pour tous vos \u00e9v\u00e9nements qu\u2019il s\u2019agisse de f\u00eates priv\u00e9es, d\u2019\u00e9v\u00e9nements corporatifs ou de c\u00e9l\u00e9brations familiales. Nos jeux sont con\u00e7us pour apporter du plaisir et de l\u2019\u00e9nergie \u00e0 chaque occasion et nous proposons une large gamme de\u00a0<strong>locations de jeux gonflables<\/strong>, adapt\u00e9s aux besoins et aux go\u00fbts de chacun. Avec nos structures de haute qualit\u00e9, nous transformons chaque \u00e9v\u00e9nement en une exp\u00e9rience de\u00a0<strong>r\u00e9cr\u00e9ation<\/strong> m\u00e9morable.<\/p>\n\n\n\n<p>Notre s\u00e9lection de jeux gonflables inclut des classiques comme le\u00a0<strong>ch\u00e2teau de princesses<\/strong>, id\u00e9al pour les f\u00eates d\u2019anniversaire ou les \u00e9v\u00e9nements en plein air. En choisissant la\u00a0<strong>location de ch\u00e2teau gonflable<\/strong>, vous assurez aux enfants des heures de plaisir en toute s\u00e9curit\u00e9. Nos jeux sont inspect\u00e9s et maintenus r\u00e9guli\u00e8rement pour garantir un espace de jeu s\u00fbr et confortable.<\/p>\n\n\n\n<div style=\"height:10px\" aria-hidden=\"true\" class=\"wp-block-spacer\"><\/div>\n\n\n\n<figure class=\"wp-block-image size-full has-custom-border\"><img loading=\"lazy\" decoding=\"async\" width=\"1920\" height=\"734\" src=\"https:\/\/gvl-rive-nord.com\/wp-content\/uploads\/2024\/11\/game-1-1.jpg\" alt=\"\" class=\"wp-image-374\" style=\"border-radius:10px\" srcset=\"https:\/\/gvl-rive-nord.com\/wp-content\/uploads\/2024\/11\/game-1-1.jpg 1920w, https:\/\/gvl-rive-nord.com\/wp-content\/uploads\/2024\/11\/game-1-1-300x115.jpg 300w, https:\/\/gvl-rive-nord.com\/wp-content\/uploads\/2024\/11\/game-1-1-1024x391.jpg 1024w, https:\/\/gvl-rive-nord.com\/wp-content\/uploads\/2024\/11\/game-1-1-768x294.jpg 768w, https:\/\/gvl-rive-nord.com\/wp-content\/uploads\/2024\/11\/game-1-1-1536x587.jpg 1536w\" sizes=\"auto, (max-width: 1920px) 100vw, 1920px\" \/><\/figure>\n\n\n\n<div style=\"height:30px\" aria-hidden=\"true\" class=\"wp-block-spacer\"><\/div>\n\n\n\n<h2 class=\"wp-block-heading\">Options adapted for all your events<\/h2>\n\n\n\n<p>As event experts, we understand that each project is unique. Whether you're organizing a school party, a recreational day, or a community event, we offer games that perfectly meet the needs of the event. Our inflatable games include various structures: inflatable castles, obstacle courses, slides, and much more, for entertainment accessible to all ages.<\/p>\n\n\n\n<div style=\"height:30px\" aria-hidden=\"true\" class=\"wp-block-spacer\"><\/div>\n\n\n\n<div class=\"wp-block-columns are-vertically-aligned-center is-layout-flex wp-container-core-columns-is-layout-9d6595d7 wp-block-columns-is-layout-flex\">\n<div class=\"wp-block-column is-vertically-aligned-center is-layout-flow wp-block-column-is-layout-flow\">\n<figure class=\"wp-block-image size-large has-custom-border\"><img loading=\"lazy\" decoding=\"async\" width=\"1024\" height=\"683\" src=\"https:\/\/gvl-rive-nord.com\/wp-content\/uploads\/2024\/11\/full-shot-kid-playing-bounce-house-1024x683.jpg\" alt=\"\" class=\"wp-image-804\" style=\"border-radius:10px\" srcset=\"https:\/\/gvl-rive-nord.com\/wp-content\/uploads\/2024\/11\/full-shot-kid-playing-bounce-house-1024x683.jpg 1024w, https:\/\/gvl-rive-nord.com\/wp-content\/uploads\/2024\/11\/full-shot-kid-playing-bounce-house-300x200.jpg 300w, https:\/\/gvl-rive-nord.com\/wp-content\/uploads\/2024\/11\/full-shot-kid-playing-bounce-house-768x512.jpg 768w, https:\/\/gvl-rive-nord.com\/wp-content\/uploads\/2024\/11\/full-shot-kid-playing-bounce-house-1536x1024.jpg 1536w, https:\/\/gvl-rive-nord.com\/wp-content\/uploads\/2024\/11\/full-shot-kid-playing-bounce-house-2048x1365.jpg 2048w\" sizes=\"auto, (max-width: 1024px) 100vw, 1024px\" \/><\/figure>\n<\/div>\n\n\n\n<div class=\"wp-block-column is-vertically-aligned-center is-layout-flow wp-block-column-is-layout-flow\">\n<h2 class=\"wp-block-heading\">A personalized rental service<\/h2>\n\n\n\n<p>Notre service de\u00a0<strong>inflatable game rentals,<\/strong>\u00a0pour une exp\u00e9rience sans souci. Chez <strong>GVL Rive-Nord<\/strong>, nous veillons \u00e0 ce que chaque d\u00e9tail soit pris en compte pour offrir une animation de qualit\u00e9 que ce soit dans un cadre familial ou professionnel. Ajoutez une touche d\u2019amusement \u00e0 votre \u00e9v\u00e9nement en optant pour notre service de location flexible et complet.<\/p>\n<\/div>\n<\/div>","protected":false},"excerpt":{"rendered":"<p>Nos jeux gonflables pour des moments de pur divertissement GVL Rive-Nord est votre r\u00e9f\u00e9rence en\u00a0jeux [&hellip;]<\/p>\n","protected":false},"author":2,"featured_media":0,"parent":0,"menu_order":0,"comment_status":"closed","ping_status":"closed","template":"template-game.php","meta":{"_acf_changed":false,"footnotes":""},"class_list":["post-170","page","type-page","status-publish","hentry"],"acf":[],"_links":{"self":[{"href":"https:\/\/gvl-rive-nord.com\/en\/wp-json\/wp\/v2\/pages\/170","targetHints":{"allow":["GET"]}}],"collection":[{"href":"https:\/\/gvl-rive-nord.com\/en\/wp-json\/wp\/v2\/pages"}],"about":[{"href":"https:\/\/gvl-rive-nord.com\/en\/wp-json\/wp\/v2\/types\/page"}],"author":[{"embeddable":true,"href":"https:\/\/gvl-rive-nord.com\/en\/wp-json\/wp\/v2\/users\/2"}],"replies":[{"embeddable":true,"href":"https:\/\/gvl-rive-nord.com\/en\/wp-json\/wp\/v2\/comments?post=170"}],"version-history":[{"count":4,"href":"https:\/\/gvl-rive-nord.com\/en\/wp-json\/wp\/v2\/pages\/170\/revisions"}],"predecessor-version":[{"id":1297,"href":"https:\/\/gvl-rive-nord.com\/en\/wp-json\/wp\/v2\/pages\/170\/revisions\/1297"}],"wp:attachment":[{"href":"https:\/\/gvl-rive-nord.com\/en\/wp-json\/wp\/v2\/media?parent=170"}],"curies":[{"name":"wp","href":"https:\/\/api.w.org\/{rel}","templated":true}]}}