{"id":165,"date":"2024-10-29T17:48:59","date_gmt":"2024-10-29T17:48:59","guid":{"rendered":"https:\/\/gvl-rive-nord.com\/?page_id=165"},"modified":"2026-03-13T14:48:16","modified_gmt":"2026-03-13T14:48:16","slug":"day-camps","status":"publish","type":"page","link":"https:\/\/gvl-rive-nord.com\/en\/camps-de-jour\/","title":{"rendered":"Our camps"},"content":{"rendered":"<div class=\"wp-block-columns are-vertically-aligned-center is-layout-flex wp-container-core-columns-is-layout-9d6595d7 wp-block-columns-is-layout-flex\">\n<div class=\"wp-block-column is-vertically-aligned-center is-layout-flow wp-block-column-is-layout-flow\">\n<div class=\"wp-block-buttons is-layout-flex wp-block-buttons-is-layout-flex\">\n<div class=\"wp-block-button\"><a class=\"wp-block-button__link wp-element-button\" href=\"#inscription\">Camp registration<\/a><\/div>\n<\/div>\n\n\n\n<div style=\"height:50px\" aria-hidden=\"true\" class=\"wp-block-spacer\"><\/div>\n\n\n\n<h2 class=\"wp-block-heading\">What we offer :<\/h2>\n\n\n\n<p>Welcome to the world of\u00a0<strong>camps de jour AES<\/strong>\u00a0propos\u00e9s par GVL Rive-Nord. Con\u00e7us pour les enfants de 5 \u00e0 12 ans, nos camps sont bien plus qu\u2019une simple activit\u00e9 estivale : ils sont une aventure enrichissante et divertissante. Chaque \u00e9t\u00e9, nous offrons des exp\u00e9riences uniques qui combinent apprentissage, loisirs et socialisation, pour le plus grand bonheur des enfants et la tranquillit\u00e9 des parents.<\/p>\n\n\n\n<p>Our&nbsp;<strong>themed day camps <\/strong>are distinguished by a wide range of activities, giving children the opportunity to explore new interests and embark on unforgettable adventures.<\/p>\n<\/div>\n\n\n\n<div class=\"wp-block-column is-vertically-aligned-center is-layout-flow wp-block-column-is-layout-flow\">\n<figure class=\"wp-block-image alignfull size-large has-custom-border is-style-default\"><img loading=\"lazy\" decoding=\"async\" width=\"1024\" height=\"683\" src=\"https:\/\/gvl-rive-nord.com\/wp-content\/uploads\/2024\/11\/low-angle-smiley-boy-bounce-house-1024x683.jpg\" alt=\"\" class=\"wp-image-365\" style=\"border-radius:10px\" srcset=\"https:\/\/gvl-rive-nord.com\/wp-content\/uploads\/2024\/11\/low-angle-smiley-boy-bounce-house-1024x683.jpg 1024w, https:\/\/gvl-rive-nord.com\/wp-content\/uploads\/2024\/11\/low-angle-smiley-boy-bounce-house-300x200.jpg 300w, https:\/\/gvl-rive-nord.com\/wp-content\/uploads\/2024\/11\/low-angle-smiley-boy-bounce-house-768x512.jpg 768w, https:\/\/gvl-rive-nord.com\/wp-content\/uploads\/2024\/11\/low-angle-smiley-boy-bounce-house-1536x1024.jpg 1536w, https:\/\/gvl-rive-nord.com\/wp-content\/uploads\/2024\/11\/low-angle-smiley-boy-bounce-house-2048x1365.jpg 2048w\" sizes=\"auto, (max-width: 1024px) 100vw, 1024px\" \/><\/figure>\n<\/div>\n<\/div>\n\n\n\n<div style=\"height:30px\" aria-hidden=\"true\" class=\"wp-block-spacer\"><\/div>\n\n\n\n<h2 class=\"wp-block-heading\"><strong>Varied and safe activities<\/strong><\/h2>\n\n\n\n<p>At our&nbsp;<strong>day camps<\/strong>, la s\u00e9curit\u00e9 et la qualit\u00e9 de l\u2019encadrement sont au c\u0153ur de notre d\u00e9marche. Tous nos animateurs sont form\u00e9s pour offrir un environnement accueillant et stimulant. En plus des activit\u00e9s th\u00e9matiques, les enfants profitent de loisirs vari\u00e9s, comme des ateliers cr\u00e9atifs, des activit\u00e9s sportives et des jeux en plein air. <\/p>\n\n\n\n<div style=\"height:30px\" aria-hidden=\"true\" class=\"wp-block-spacer\"><\/div>\n\n\n\n<div class=\"wp-block-columns are-vertically-aligned-center is-layout-flex wp-container-core-columns-is-layout-9d6595d7 wp-block-columns-is-layout-flex\">\n<div class=\"wp-block-column is-vertically-aligned-center is-layout-flow wp-block-column-is-layout-flow\">\n<figure class=\"wp-block-image size-large has-custom-border\"><img loading=\"lazy\" decoding=\"async\" width=\"1024\" height=\"683\" src=\"https:\/\/gvl-rive-nord.com\/wp-content\/uploads\/2024\/11\/front-view-smiley-kids-outdoors-1024x683.jpg\" alt=\"\" class=\"wp-image-808\" style=\"border-radius:10px\" srcset=\"https:\/\/gvl-rive-nord.com\/wp-content\/uploads\/2024\/11\/front-view-smiley-kids-outdoors-1024x683.jpg 1024w, https:\/\/gvl-rive-nord.com\/wp-content\/uploads\/2024\/11\/front-view-smiley-kids-outdoors-300x200.jpg 300w, https:\/\/gvl-rive-nord.com\/wp-content\/uploads\/2024\/11\/front-view-smiley-kids-outdoors-768x512.jpg 768w, https:\/\/gvl-rive-nord.com\/wp-content\/uploads\/2024\/11\/front-view-smiley-kids-outdoors-1536x1025.jpg 1536w, https:\/\/gvl-rive-nord.com\/wp-content\/uploads\/2024\/11\/front-view-smiley-kids-outdoors-2048x1366.jpg 2048w\" sizes=\"auto, (max-width: 1024px) 100vw, 1024px\" \/><\/figure>\n<\/div>\n\n\n\n<div class=\"wp-block-column is-vertically-aligned-center is-layout-flow wp-block-column-is-layout-flow\">\n<h2 class=\"wp-block-heading\">A rewarding experience for every child<\/h2>\n\n\n\n<p>GVL's&nbsp;<strong>themed day camps<\/strong>&nbsp;de GVL sont bien plus qu\u2019un moyen de divertir les enfants pendant l\u2019\u00e9t\u00e9. Nous avons pour objectif de leur offrir une exp\u00e9rience m\u00e9morable, qui contribue \u00e0 leur d\u00e9veloppement personnel. Dans un cadre ludique et encadr\u00e9, ils d\u00e9couvrent la coop\u00e9ration, le respect et la confiance en soi. Choisir <strong>GVL Rive-Nord<\/strong> pour les&nbsp;<strong>child's summer activities<\/strong>&nbsp;means giving them a summer full of discoveries and smiles.<\/p>\n<\/div>\n<\/div>\n\n\n\n<div class=\"wp-block-columns is-layout-flex wp-container-core-columns-is-layout-9d6595d7 wp-block-columns-is-layout-flex\" id=\"inscription\">\n<div class=\"wp-block-column is-layout-flow wp-block-column-is-layout-flow\"><\/div>\n<\/div>","protected":false},"excerpt":{"rendered":"<p>Ce que nous faisons : Bienvenue dans l\u2019univers des\u00a0camps de jour AES\u00a0propos\u00e9s par GVL Rive-Nord. [&hellip;]<\/p>\n","protected":false},"author":2,"featured_media":0,"parent":0,"menu_order":0,"comment_status":"closed","ping_status":"closed","template":"template-camp.php","meta":{"_acf_changed":false,"footnotes":""},"class_list":["post-165","page","type-page","status-publish","hentry"],"acf":[],"_links":{"self":[{"href":"https:\/\/gvl-rive-nord.com\/en\/wp-json\/wp\/v2\/pages\/165","targetHints":{"allow":["GET"]}}],"collection":[{"href":"https:\/\/gvl-rive-nord.com\/en\/wp-json\/wp\/v2\/pages"}],"about":[{"href":"https:\/\/gvl-rive-nord.com\/en\/wp-json\/wp\/v2\/types\/page"}],"author":[{"embeddable":true,"href":"https:\/\/gvl-rive-nord.com\/en\/wp-json\/wp\/v2\/users\/2"}],"replies":[{"embeddable":true,"href":"https:\/\/gvl-rive-nord.com\/en\/wp-json\/wp\/v2\/comments?post=165"}],"version-history":[{"count":7,"href":"https:\/\/gvl-rive-nord.com\/en\/wp-json\/wp\/v2\/pages\/165\/revisions"}],"predecessor-version":[{"id":1246,"href":"https:\/\/gvl-rive-nord.com\/en\/wp-json\/wp\/v2\/pages\/165\/revisions\/1246"}],"wp:attachment":[{"href":"https:\/\/gvl-rive-nord.com\/en\/wp-json\/wp\/v2\/media?parent=165"}],"curies":[{"name":"wp","href":"https:\/\/api.w.org\/{rel}","templated":true}]}}